{"id":9961,"date":"2022-06-23T00:32:29","date_gmt":"2022-06-23T00:32:29","guid":{"rendered":"https:\/\/edsoris.com\/?page_id=9961"},"modified":"2022-06-23T00:36:03","modified_gmt":"2022-06-23T00:36:03","slug":"cookie-policy","status":"publish","type":"page","link":"https:\/\/edsoris.com\/en\/cookie-policy","title":{"rendered":"Cookie policy"},"content":{"rendered":"<div data-elementor-type=\"wp-page\" data-elementor-id=\"9961\" class=\"elementor elementor-9961\">\n\t\t\t\t\t\t\t\t\t<section class=\"elementor-section elementor-top-section elementor-element elementor-element-73e284d4 ot-traditional elementor-section-boxed elementor-section-height-default elementor-section-height-default\" data-id=\"73e284d4\" data-element_type=\"section\">\n\t\t\t\t\t\t<div class=\"elementor-container elementor-column-gap-default\">\n\t\t\t\t\t<div class=\"elementor-column elementor-col-100 elementor-top-column elementor-element elementor-element-1920bac4 ot-flex-column-vertical\" data-id=\"1920bac4\" data-element_type=\"column\">\n\t\t\t<div class=\"elementor-widget-wrap elementor-element-populated\">\n\t\t\t\t\t\t\t\t<div class=\"elementor-element elementor-element-257b9351 elementor-widget elementor-widget-text-editor\" data-id=\"257b9351\" data-element_type=\"widget\" data-widget_type=\"text-editor.default\">\n\t\t\t\t<div class=\"elementor-widget-container\">\n\t\t\t<style>\/*! elementor - v3.17.0 - 25-10-2023 *\/\n.elementor-widget-text-editor.elementor-drop-cap-view-stacked .elementor-drop-cap{background-color:#69727d;color:#fff}.elementor-widget-text-editor.elementor-drop-cap-view-framed .elementor-drop-cap{color:#69727d;border:3px solid;background-color:transparent}.elementor-widget-text-editor:not(.elementor-drop-cap-view-default) .elementor-drop-cap{margin-top:8px}.elementor-widget-text-editor:not(.elementor-drop-cap-view-default) .elementor-drop-cap-letter{width:1em;height:1em}.elementor-widget-text-editor .elementor-drop-cap{float:left;text-align:center;line-height:1;font-size:50px}.elementor-widget-text-editor .elementor-drop-cap-letter{display:inline-block}<\/style>\t\t\t\t<!-- wp:heading {\"level\":3} -->\n<h3>\u00c0 propos de cette politique de cookies<\/h3>\n<!-- \/wp:heading --><!-- wp:paragraph -->\n<p>Cette politique en mati\u00e8re de cookies explique ce que sont les cookies et comment nous les utilisons, les types de cookies que nous utilisons, c\u2019est-\u00e0-dire les informations que nous collectons \u00e0 l\u2019aide de cookies et comment ces informations sont utilis\u00e9es, et comment contr\u00f4ler les pr\u00e9f\u00e9rences des cookies. Pour plus d\u2019informations sur la mani\u00e8re dont nous utilisons, stockons et prot\u00e9geons vos donn\u00e9es personnelles, consultez notre Politique de confidentialit\u00e9.Vous pouvez \u00e0 tout moment modifier ou retirer votre consentement \u00e0 la d\u00e9claration relative aux cookies sur notre site WebApprenez-en plus sur qui nous sommes, comment vous pouvez nous contacter et comment nous traitons les donn\u00e9es personnelles dans notre politique de confidentialit\u00e9.Votre consentement s\u2019applique aux domaines suivants : egliseamourdedieu.com<\/p>\n<!-- \/wp:paragraph --><!-- wp:paragraph -->\n<p>Votre \u00e9tat actuel : Consentement accept\u00e9. <div class=\"cli_user_consent_state\">Your current state: No consent given. <a class=\"cli_manage_current_consent\" style=\"cursor:pointer;text-decoration:underline;\">Manage your consent.<\/a> <\/div><\/p>\n<!-- \/wp:paragraph --><!-- wp:heading {\"level\":3} -->\n<h3>Que sont les cookies ?<\/h3>\n<!-- \/wp:heading --><!-- wp:paragraph -->\n<p>Les cookies sont de petits fichiers texte utilis\u00e9s pour stocker de petites informations. Ils sont stock\u00e9s sur votre appareil lorsque le site Web est charg\u00e9 sur votre navigateur. Ces cookies nous aident \u00e0 faire fonctionner correctement le site Web, \u00e0 le rendre plus s\u00e9curis\u00e9, \u00e0 offrir une meilleure exp\u00e9rience utilisateur, \u00e0 comprendre comment le site Web fonctionne, \u00e0 analyser ce qui fonctionne et o\u00f9 il doit \u00eatre am\u00e9lior\u00e9.<\/p>\n<!-- \/wp:paragraph --><!-- wp:heading {\"level\":3} -->\n<h3>Comment utilisons-nous les cookies ?<\/h3>\n<!-- \/wp:heading --><!-- wp:paragraph -->\n<p>Comme la plupart des services en ligne, notre site Web utilise des cookies propri\u00e9taires et tiers \u00e0 plusieurs fins. Les cookies de premi\u00e8re partie sont principalement n\u00e9cessaires au bon fonctionnement du site Web et ne collectent aucune de vos donn\u00e9es personnellement identifiables.Les cookies tiers utilis\u00e9s sur notre site Web servent principalement \u00e0 comprendre le fonctionnement du site Web, la fa\u00e7on dont vous interagissez avec notre site Web, \u00e0 assurer la s\u00e9curit\u00e9 de nos services, \u00e0 fournir des publicit\u00e9s pertinentes pour vous et, dans l\u2019ensemble, \u00e0 vous fournir une meilleur exp\u00e9rience utilisateur et aider \u00e0 acc\u00e9l\u00e9rer vos futures interactions avec notre site Web.<\/p>\n<!-- \/wp:paragraph --><!-- wp:heading {\"level\":3} -->\n<h3>Quels types de cookies utilisons-nous ?<\/h3>\n<!-- \/wp:heading --><!-- wp:paragraph -->\n<p>Essentiel : Certains cookies sont essentiels pour que vous puissiez profiter de toutes les fonctionnalit\u00e9s de notre site. Ils nous permettent de maintenir les sessions des utilisateurs et de pr\u00e9venir toute menace de s\u00e9curit\u00e9. Ils ne collectent ni ne stockent aucune information personnelle. Par exemple, ces cookies vous permettent de vous connecter \u00e0 votre compte et d\u2019ajouter des produits \u00e0 votre panier, et de payer en toute s\u00e9curit\u00e9.Statistiques\u00a0: ces cookies stockent des informations telles que le nombre de visiteurs sur le site Web, le nombre de visiteurs uniques, les pages du site Web qui ont \u00e9t\u00e9 visit\u00e9es, la source de la visite, etc. Ces donn\u00e9es nous aident \u00e0 comprendre et \u00e0 analyser les performances du site Web. et o\u00f9 il doit \u00eatre am\u00e9lior\u00e9.Marketing : Ces cookies sont utilis\u00e9s pour personnaliser les publicit\u00e9s que nous vous montrons afin qu\u2019elles soient significatives pour vous. Ces cookies nous aident \u00e9galement \u00e0 suivre l\u2019efficacit\u00e9 de ces campagnes publicitaires.Les informations stock\u00e9es dans ces cookies peuvent \u00e9galement \u00eatre utilis\u00e9es par les fournisseurs de publicit\u00e9 tiers pour vous montrer \u00e9galement des publicit\u00e9s sur d\u2019autres sites Web sur le navigateur.Fonctionnel : Ce sont les cookies qui aident certaines fonctionnalit\u00e9s non essentielles sur notre site Web. Ces fonctionnalit\u00e9s incluent l\u2019int\u00e9gration de contenu comme des vid\u00e9os ou le partage de contenu du site Web sur des plateformes de m\u00e9dias sociaux.Pr\u00e9f\u00e9rences\u00a0: ces cookies nous aident \u00e0 stocker vos param\u00e8tres et vos pr\u00e9f\u00e9rences de navigation, comme les pr\u00e9f\u00e9rences linguistiques, afin que vous ayez une exp\u00e9rience meilleure et efficace lors de vos prochaines visites sur le site Web.<\/p>\n<!-- \/wp:paragraph --><!-- wp:table -->\n<figure class=\"wp-block-table\">\n<table>\n<thead>\n<tr>\n<th>COOKIE<\/th>\n<th>DESCRIPTION<\/th>\n<\/tr>\n<\/thead>\n<tbody>\n<tr>\n<td>cookielawinfo-checkbox-analytics<\/td>\n<td>This cookie is set by GDPR Cookie Consent plugin. The cookie is used to store the user consent for the cookies in the category \u00ab\u00a0Analytics\u00a0\u00bb.<\/td>\n<\/tr>\n<tr>\n<td>cookielawinfo-checkbox-functional<\/td>\n<td>The cookie is set by GDPR cookie consent to record the user consent for the cookies in the category \u00ab\u00a0Functional\u00a0\u00bb.<\/td>\n<\/tr>\n<tr>\n<td>cookielawinfo-checkbox-necessary<\/td>\n<td>This cookie is set by GDPR Cookie Consent plugin. The cookies is used to store the user consent for the cookies in the category \u00ab\u00a0Necessary\u00a0\u00bb.<\/td>\n<\/tr>\n<tr>\n<td>cookielawinfo-checkbox-others<\/td>\n<td>This cookie is set by GDPR Cookie Consent plugin. The cookie is used to store the user consent for the cookies in the category \u00ab\u00a0Other.<\/td>\n<\/tr>\n<tr>\n<td>cookielawinfo-checkbox-performance<\/td>\n<td>This cookie is set by GDPR Cookie Consent plugin. The cookie is used to store the user consent for the cookies in the category \u00ab\u00a0Performance\u00a0\u00bb.<\/td>\n<\/tr>\n<tr>\n<td>viewed_cookie_policy<\/td>\n<td>The cookie is set by the GDPR Cookie Consent plugin and is used to store whether or not user has consented to the use of cookies. It does not store any personal data.<\/td>\n<\/tr>\n<\/tbody>\n<\/table>\n<\/figure>\n<!-- \/wp:table --><!-- wp:heading {\"level\":3} -->\n<h3>Comment puis-je contr\u00f4ler les pr\u00e9f\u00e9rences en mati\u00e8re de cookies ?<\/h3>\n<!-- \/wp:heading --><!-- wp:paragraph -->\n<p>Si vous d\u00e9cidez de modifier vos pr\u00e9f\u00e9rences ult\u00e9rieurement au cours de votre session de navigation, vous pouvez cliquer sur l\u2019onglet \u00ab\u00a0Politique de confidentialit\u00e9 et de cookies\u00a0\u00bb sur votre \u00e9cran. Cela affichera \u00e0 nouveau l\u2019avis de consentement vous permettant de modifier vos pr\u00e9f\u00e9rences ou de retirer enti\u00e8rement votre consentement.En plus de cela, diff\u00e9rents navigateurs proposent diff\u00e9rentes m\u00e9thodes pour bloquer et supprimer les cookies utilis\u00e9s par les sites Web. Vous pouvez modifier les param\u00e8tres de votre navigateur pour bloquer\/supprimer les cookies. Pour en savoir plus sur la gestion et la suppression des cookies, visitez wikipedia.org, www.allaboutcookies.org.<\/p>\n<!-- \/wp:paragraph -->\t\t\t\t\t\t<\/div>\n\t\t\t\t<\/div>\n\t\t\t\t\t<\/div>\n\t\t<\/div>\n\t\t\t\t\t\t\t<\/div>\n\t\t<\/section>\n\t\t\t\t\t\t\t<\/div>","protected":false},"excerpt":{"rendered":"<p>\u00c0 propos de cette politique de cookies Cette politique en mati\u00e8re de cookies explique ce que sont les cookies et comment nous les utilisons, les types de cookies que nous utilisons, c\u2019est-\u00e0-dire les informations que nous collectons \u00e0 l\u2019aide de cookies et comment ces informations sont utilis\u00e9es, et comment contr\u00f4ler les pr\u00e9f\u00e9rences des cookies. Pour [&hellip;]<\/p>","protected":false},"author":1,"featured_media":0,"parent":0,"menu_order":0,"comment_status":"closed","ping_status":"closed","template":"","meta":{"footnotes":""},"class_list":["post-9961","page","type-page","status-publish","hentry"],"_links":{"self":[{"href":"https:\/\/edsoris.com\/en\/wp-json\/wp\/v2\/pages\/9961","targetHints":{"allow":["GET"]}}],"collection":[{"href":"https:\/\/edsoris.com\/en\/wp-json\/wp\/v2\/pages"}],"about":[{"href":"https:\/\/edsoris.com\/en\/wp-json\/wp\/v2\/types\/page"}],"author":[{"embeddable":true,"href":"https:\/\/edsoris.com\/en\/wp-json\/wp\/v2\/users\/1"}],"replies":[{"embeddable":true,"href":"https:\/\/edsoris.com\/en\/wp-json\/wp\/v2\/comments?post=9961"}],"version-history":[{"count":8,"href":"https:\/\/edsoris.com\/en\/wp-json\/wp\/v2\/pages\/9961\/revisions"}],"predecessor-version":[{"id":9969,"href":"https:\/\/edsoris.com\/en\/wp-json\/wp\/v2\/pages\/9961\/revisions\/9969"}],"wp:attachment":[{"href":"https:\/\/edsoris.com\/en\/wp-json\/wp\/v2\/media?parent=9961"}],"curies":[{"name":"wp","href":"https:\/\/api.w.org\/{rel}","templated":true}]}}