{"id":5073,"date":"2020-02-25T08:41:33","date_gmt":"2020-02-25T08:41:33","guid":{"rendered":"http:\/\/wpdemo.archiwp.com\/engitech\/?page_id=2076"},"modified":"2022-07-25T10:50:48","modified_gmt":"2022-07-25T10:50:48","slug":"design-and-development","status":"publish","type":"page","link":"https:\/\/edsoris.com\/en\/design-and-development","title":{"rendered":"Design And Development"},"content":{"rendered":"<div data-elementor-type=\"wp-page\" data-elementor-id=\"5073\" class=\"elementor elementor-5073\">\n\t\t\t\t\t\t\t\t\t<section class=\"elementor-section elementor-top-section elementor-element elementor-element-852fdd1 ot-traditional elementor-section-boxed elementor-section-height-default elementor-section-height-default\" data-id=\"852fdd1\" data-element_type=\"section\">\n\t\t\t\t\t\t<div class=\"elementor-container elementor-column-gap-default\">\n\t\t\t\t\t<div class=\"elementor-column elementor-col-50 elementor-top-column elementor-element elementor-element-2e2cc8f ot-flex-column-vertical\" data-id=\"2e2cc8f\" data-element_type=\"column\">\n\t\t\t<div class=\"elementor-widget-wrap elementor-element-populated\">\n\t\t\t\t\t\t\t\t<div class=\"elementor-element elementor-element-eacf528 elementor-widget elementor-widget-iheading\" data-id=\"eacf528\" data-element_type=\"widget\" data-widget_type=\"iheading.default\">\n\t\t\t\t<div class=\"elementor-widget-container\">\n\t\t\t\t\t<div class=\"ot-heading\">\r\n\t        \t            <span>\/\/ From idea to product<\/span>\r\n\t        <h2 class=\"main-heading\">Convert your idea into a tailor-made solution<\/h2>\t    <\/div>\r\n\t    \t\t<\/div>\n\t\t\t\t<\/div>\n\t\t\t\t<div class=\"elementor-element elementor-element-e7d0a04 elementor-widget elementor-widget-text-editor\" data-id=\"e7d0a04\" data-element_type=\"widget\" data-widget_type=\"text-editor.default\">\n\t\t\t\t<div class=\"elementor-widget-container\">\n\t\t\t<style>\/*! elementor - v3.17.0 - 25-10-2023 *\/\n.elementor-widget-text-editor.elementor-drop-cap-view-stacked .elementor-drop-cap{background-color:#69727d;color:#fff}.elementor-widget-text-editor.elementor-drop-cap-view-framed .elementor-drop-cap{color:#69727d;border:3px solid;background-color:transparent}.elementor-widget-text-editor:not(.elementor-drop-cap-view-default) .elementor-drop-cap{margin-top:8px}.elementor-widget-text-editor:not(.elementor-drop-cap-view-default) .elementor-drop-cap-letter{width:1em;height:1em}.elementor-widget-text-editor .elementor-drop-cap{float:left;text-align:center;line-height:1;font-size:50px}.elementor-widget-text-editor .elementor-drop-cap-letter{display:inline-block}<\/style>\t\t\t\t<p>Because converting a good idea into an application is not always easy, we help you bring your ideas and projects to life by supporting you in each step of the realization of your project.<\/p><p><em class=\"text-dark\"><b>Benefit from the experience of our collaborators in the definition of the need, the software architecture and the development of applications on all types of platforms.<\/b><\/em><\/p>\t\t\t\t\t\t<\/div>\n\t\t\t\t<\/div>\n\t\t\t\t\t<\/div>\n\t\t<\/div>\n\t\t\t\t<div class=\"elementor-column elementor-col-50 elementor-top-column elementor-element elementor-element-0711f61 ot-flex-column-vertical\" data-id=\"0711f61\" data-element_type=\"column\">\n\t\t\t<div class=\"elementor-widget-wrap elementor-element-populated\">\n\t\t\t\t\t\t\t\t<div class=\"elementor-element elementor-element-f251ce2 elementor-widget elementor-widget-image\" data-id=\"f251ce2\" data-element_type=\"widget\" data-widget_type=\"image.default\">\n\t\t\t\t<div class=\"elementor-widget-container\">\n\t\t\t<style>\/*! elementor - v3.17.0 - 25-10-2023 *\/\n.elementor-widget-image{text-align:center}.elementor-widget-image a{display:inline-block}.elementor-widget-image a img[src$=\".svg\"]{width:48px}.elementor-widget-image img{vertical-align:middle;display:inline-block}<\/style>\t\t\t\t\t\t\t\t\t\t\t\t<img loading=\"lazy\" decoding=\"async\" width=\"1024\" height=\"682\" src=\"https:\/\/edsoris.com\/content\/uploads\/2022\/02\/4164418-1024x682.jpg\" class=\"attachment-large size-large wp-image-6868\" alt=\"\" srcset=\"https:\/\/edsoris.com\/content\/uploads\/2022\/02\/4164418-1024x682.jpg 1024w, https:\/\/edsoris.com\/content\/uploads\/2022\/02\/4164418-300x200.jpg 300w, https:\/\/edsoris.com\/content\/uploads\/2022\/02\/4164418-768x512.jpg 768w, https:\/\/edsoris.com\/content\/uploads\/2022\/02\/4164418-720x480.jpg 720w, https:\/\/edsoris.com\/content\/uploads\/2022\/02\/4164418.jpg 1280w\" sizes=\"auto, (max-width: 1024px) 100vw, 1024px\" \/>\t\t\t\t\t\t\t\t\t\t\t\t\t\t\t<\/div>\n\t\t\t\t<\/div>\n\t\t\t\t\t<\/div>\n\t\t<\/div>\n\t\t\t\t\t\t\t<\/div>\n\t\t<\/section>\n\t\t\t\t<section class=\"elementor-section elementor-top-section elementor-element elementor-element-50f8be2 ot-traditional elementor-section-boxed elementor-section-height-default elementor-section-height-default\" data-id=\"50f8be2\" data-element_type=\"section\" data-settings=\"{&quot;background_background&quot;:&quot;classic&quot;}\">\n\t\t\t\t\t\t<div class=\"elementor-container elementor-column-gap-default\">\n\t\t\t\t\t<div class=\"elementor-column elementor-col-100 elementor-top-column elementor-element elementor-element-ad4f9d3 ot-flex-column-vertical\" data-id=\"ad4f9d3\" data-element_type=\"column\">\n\t\t\t<div class=\"elementor-widget-wrap elementor-element-populated\">\n\t\t\t\t\t\t\t\t<div class=\"elementor-element elementor-element-a79fe3a elementor-widget elementor-widget-iheading\" data-id=\"a79fe3a\" data-element_type=\"widget\" data-widget_type=\"iheading.default\">\n\t\t\t\t<div class=\"elementor-widget-container\">\n\t\t\t\t\t<div class=\"ot-heading\">\r\n\t        \t            <span>\/\/ Innovation at the heart of development<\/span>\r\n\t        <h2 class=\"main-heading\">We design innovative solutions to better connect you to your customers and develop tailor-made tools adapted to your strategy<\/h2>\t    <\/div>\r\n\t    \t\t<\/div>\n\t\t\t\t<\/div>\n\t\t\t\t<section class=\"elementor-section elementor-inner-section elementor-element elementor-element-e7987b7 elementor-section-full_width elementor-section-content-middle ot-traditional elementor-section-height-default elementor-section-height-default\" data-id=\"e7987b7\" data-element_type=\"section\">\n\t\t\t\t\t\t<div class=\"elementor-container elementor-column-gap-extended\">\n\t\t\t\t\t<div class=\"elementor-column elementor-col-33 elementor-inner-column elementor-element elementor-element-0fcfd16 ot-flex-column-vertical\" data-id=\"0fcfd16\" data-element_type=\"column\">\n\t\t\t<div class=\"elementor-widget-wrap elementor-element-populated\">\n\t\t\t\t\t\t\t\t<div class=\"elementor-element elementor-element-544c144 elementor-widget elementor-widget-iiconbox2\" data-id=\"544c144\" data-element_type=\"widget\" data-widget_type=\"iiconbox2.default\">\n\t\t\t\t<div class=\"elementor-widget-container\">\n\t\t\t\t\t<div class=\"icon-box-s2 s3\">\r\n\t\t\t<div class=\"icon-main\">\r\n\t\t        \t\t\t    \t\t        <span class=\"flaticon-laptop\"><\/span>\t\t        \t        <\/div>\r\n\t        <div class=\"content-box\">\r\n\t            <h5>1. Product definition<\/h5>\r\n\t            <p>We help you in defining your needs and in the feasibility study of the project.<\/p>\r\n\t        <\/div>\r\n\t    <\/div>\r\n\t    \t\t<\/div>\n\t\t\t\t<\/div>\n\t\t\t\t<div class=\"elementor-element elementor-element-3d3d403 elementor-widget elementor-widget-iiconbox2\" data-id=\"3d3d403\" data-element_type=\"widget\" data-widget_type=\"iiconbox2.default\">\n\t\t\t\t<div class=\"elementor-widget-container\">\n\t\t\t\t\t<div class=\"icon-box-s2 s3\">\r\n\t\t\t<div class=\"icon-main\">\r\n\t\t        \t\t\t    \t\t        <span class=\"flaticon-seo-and-web\"><\/span>\t\t        \t        <\/div>\r\n\t        <div class=\"content-box\">\r\n\t            <h5>2. Needs analysis<\/h5>\r\n\t            <p>Based on the needs expressed, we establish the functional specifications and the detailed functional specifications.<\/p>\r\n\t        <\/div>\r\n\t    <\/div>\r\n\t    \t\t<\/div>\n\t\t\t\t<\/div>\n\t\t\t\t<div class=\"elementor-element elementor-element-edb753f elementor-widget elementor-widget-iiconbox2\" data-id=\"edb753f\" data-element_type=\"widget\" data-widget_type=\"iiconbox2.default\">\n\t\t\t\t<div class=\"elementor-widget-container\">\n\t\t\t\t\t<div class=\"icon-box-s2 s3\">\r\n\t\t\t<div class=\"icon-main\">\r\n\t\t        \t\t\t    \t\t        <span class=\"flaticon-process\"><\/span>\t\t        \t        <\/div>\r\n\t        <div class=\"content-box\">\r\n\t            <h5>3. General design<\/h5>\r\n\t            <p>We design the system that must meet the requirements and define its architecture.<\/p>\r\n\t        <\/div>\r\n\t    <\/div>\r\n\t    \t\t<\/div>\n\t\t\t\t<\/div>\n\t\t\t\t\t<\/div>\n\t\t<\/div>\n\t\t\t\t<div class=\"elementor-column elementor-col-33 elementor-inner-column elementor-element elementor-element-8e2fd2c ot-flex-column-vertical\" data-id=\"8e2fd2c\" data-element_type=\"column\">\n\t\t\t<div class=\"elementor-widget-wrap elementor-element-populated\">\n\t\t\t\t\t\t\t\t<div class=\"elementor-element elementor-element-b53219c elementor-widget elementor-widget-image\" data-id=\"b53219c\" data-element_type=\"widget\" data-widget_type=\"image.default\">\n\t\t\t\t<div class=\"elementor-widget-container\">\n\t\t\t\t\t\t\t\t\t\t\t\t\t\t\t<img loading=\"lazy\" decoding=\"async\" width=\"1707\" height=\"2560\" src=\"https:\/\/edsoris.com\/content\/uploads\/2021\/05\/pexels-ono-kosuki-5999849-scaled.jpg\" class=\"attachment-full size-full wp-image-2697\" alt=\"\" srcset=\"https:\/\/edsoris.com\/content\/uploads\/2021\/05\/pexels-ono-kosuki-5999849-scaled.jpg 1707w, https:\/\/edsoris.com\/content\/uploads\/2021\/05\/pexels-ono-kosuki-5999849-scaled-200x300.jpg 200w, https:\/\/edsoris.com\/content\/uploads\/2021\/05\/pexels-ono-kosuki-5999849-scaled-683x1024.jpg 683w, https:\/\/edsoris.com\/content\/uploads\/2021\/05\/pexels-ono-kosuki-5999849-scaled-768x1152.jpg 768w, https:\/\/edsoris.com\/content\/uploads\/2021\/05\/pexels-ono-kosuki-5999849-scaled-1024x1536.jpg 1024w, https:\/\/edsoris.com\/content\/uploads\/2021\/05\/pexels-ono-kosuki-5999849-scaled-1366x2048.jpg 1366w, https:\/\/edsoris.com\/content\/uploads\/2021\/05\/pexels-ono-kosuki-5999849-scaled-720x1080.jpg 720w\" sizes=\"auto, (max-width: 1707px) 100vw, 1707px\" \/>\t\t\t\t\t\t\t\t\t\t\t\t\t\t\t<\/div>\n\t\t\t\t<\/div>\n\t\t\t\t\t<\/div>\n\t\t<\/div>\n\t\t\t\t<div class=\"elementor-column elementor-col-33 elementor-inner-column elementor-element elementor-element-901ee58 ot-flex-column-vertical\" data-id=\"901ee58\" data-element_type=\"column\">\n\t\t\t<div class=\"elementor-widget-wrap elementor-element-populated\">\n\t\t\t\t\t\t\t\t<div class=\"elementor-element elementor-element-a947b06 elementor-widget elementor-widget-iiconbox2\" data-id=\"a947b06\" data-element_type=\"widget\" data-widget_type=\"iiconbox2.default\">\n\t\t\t\t<div class=\"elementor-widget-container\">\n\t\t\t\t\t<div class=\"icon-box-s2 s1\">\r\n\t\t\t<div class=\"icon-main\">\r\n\t\t        \t\t\t    \t\t        <span class=\"flaticon-report\"><\/span>\t\t        \t        <\/div>\r\n\t        <div class=\"content-box\">\r\n\t            <h5>4. Detailed design<\/h5>\r\n\t            <p>We design each component and how they interact together to meet each requirement.<\/p>\r\n\t        <\/div>\r\n\t    <\/div>\r\n\t    \t\t<\/div>\n\t\t\t\t<\/div>\n\t\t\t\t<div class=\"elementor-element elementor-element-f19982a elementor-widget elementor-widget-iiconbox2\" data-id=\"f19982a\" data-element_type=\"widget\" data-widget_type=\"iiconbox2.default\">\n\t\t\t\t<div class=\"elementor-widget-container\">\n\t\t\t\t\t<div class=\"icon-box-s2 s1\">\r\n\t\t\t<div class=\"icon-main\">\r\n\t\t        \t\t\t    \t\t        <span class=\"flaticon-code-2\"><\/span>\t\t        \t        <\/div>\r\n\t        <div class=\"content-box\">\r\n\t            <h5>5. Implementation<\/h5>\r\n\t            <p>We produce, by computer programming, the various components necessary for the operation of the system.<\/p>\r\n\t        <\/div>\r\n\t    <\/div>\r\n\t    \t\t<\/div>\n\t\t\t\t<\/div>\n\t\t\t\t<div class=\"elementor-element elementor-element-6d966a7 elementor-widget elementor-widget-iiconbox2\" data-id=\"6d966a7\" data-element_type=\"widget\" data-widget_type=\"iiconbox2.default\">\n\t\t\t\t<div class=\"elementor-widget-container\">\n\t\t\t\t\t<div class=\"icon-box-s2 s1\">\r\n\t\t\t<div class=\"icon-main\">\r\n\t\t        \t\t\t    \t\t        <span class=\"flaticon-data-1\"><\/span>\t\t        \t        <\/div>\r\n\t        <div class=\"content-box\">\r\n\t            <h5>6. Testing and Validation<\/h5>\r\n\t            <p>We perform the various tests at all levels to verify the proper functioning of each component.<\/p>\r\n\t        <\/div>\r\n\t    <\/div>\r\n\t    \t\t<\/div>\n\t\t\t\t<\/div>\n\t\t\t\t\t<\/div>\n\t\t<\/div>\n\t\t\t\t\t\t\t<\/div>\n\t\t<\/section>\n\t\t\t\t\t<\/div>\n\t\t<\/div>\n\t\t\t\t\t\t\t<\/div>\n\t\t<\/section>\n\t\t\t\t<section class=\"elementor-section elementor-top-section elementor-element elementor-element-b062f90 elementor-section-full_width ot-traditional elementor-section-height-default elementor-section-height-default\" data-id=\"b062f90\" data-element_type=\"section\" data-settings=\"{&quot;background_background&quot;:&quot;classic&quot;}\">\n\t\t\t\t\t\t<div class=\"elementor-container elementor-column-gap-no\">\n\t\t\t\t\t<div class=\"elementor-column elementor-col-50 elementor-top-column elementor-element elementor-element-69b7a27 ot-flex-column-vertical\" data-id=\"69b7a27\" data-element_type=\"column\" data-settings=\"{&quot;background_background&quot;:&quot;classic&quot;}\">\n\t\t\t<div class=\"elementor-widget-wrap elementor-element-populated\">\n\t\t\t\t\t\t\t\t<section class=\"elementor-section elementor-inner-section elementor-element elementor-element-39631fc elementor-section-full_width ot-traditional elementor-section-height-default elementor-section-height-default\" data-id=\"39631fc\" data-element_type=\"section\">\n\t\t\t\t\t\t<div class=\"elementor-container elementor-column-gap-default\">\n\t\t\t\t\t<div class=\"elementor-column elementor-col-100 elementor-inner-column elementor-element elementor-element-b8f103d ot-flex-column-vertical\" data-id=\"b8f103d\" data-element_type=\"column\">\n\t\t\t<div class=\"elementor-widget-wrap elementor-element-populated\">\n\t\t\t\t\t\t\t\t<div class=\"elementor-element elementor-element-f7d55b7 elementor-widget elementor-widget-iheading\" data-id=\"f7d55b7\" data-element_type=\"widget\" data-widget_type=\"iheading.default\">\n\t\t\t\t<div class=\"elementor-widget-container\">\n\t\t\t\t\t<div class=\"ot-heading\">\r\n\t        <h2 class=\"main-heading\">A proactive and resolutely forward-looking approach<\/h2>\t    <\/div>\r\n\t    \t\t<\/div>\n\t\t\t\t<\/div>\n\t\t\t\t\t<\/div>\n\t\t<\/div>\n\t\t\t\t\t\t\t<\/div>\n\t\t<\/section>\n\t\t\t\t<div class=\"elementor-element elementor-element-eacf9e9 elementor-widget elementor-widget-text-editor\" data-id=\"eacf9e9\" data-element_type=\"widget\" data-widget_type=\"text-editor.default\">\n\t\t\t\t<div class=\"elementor-widget-container\">\n\t\t\t\t\t\t\t<p>Our collaborators continuously learn about the technologies of tomorrow and are systematically trained on the latest technologies in order to deliver state-of-the-art solutions.\u00a0<\/p>\t\t\t\t\t\t<\/div>\n\t\t\t\t<\/div>\n\t\t\t\t\t<\/div>\n\t\t<\/div>\n\t\t\t\t<div class=\"elementor-column elementor-col-50 elementor-top-column elementor-element elementor-element-f35eb10 ot-column-items-center ot-flex-column-vertical\" data-id=\"f35eb10\" data-element_type=\"column\" data-settings=\"{&quot;background_background&quot;:&quot;classic&quot;}\">\n\t\t\t<div class=\"elementor-widget-wrap\">\n\t\t\t\t\t\t\t\t\t<\/div>\n\t\t<\/div>\n\t\t\t\t\t\t\t<\/div>\n\t\t<\/section>\n\t\t\t\t\t\t\t<\/div>","protected":false},"excerpt":{"rendered":"<p>\/\/ De l&rsquo;id\u00e9e au produit Convertissez votre id\u00e9e en une solution sur mesure Parce que convertir une bonne id\u00e9e en une application\u00a0n&rsquo;est pas toujours chose facile, nous vous aidons \u00e0 donner vie \u00e0 vos id\u00e9es et vos projets en vous accompagnant dans chaque \u00e9tape de la r\u00e9alisation de votre projet. B\u00e9n\u00e9ficiez de l&rsquo;exp\u00e9rience de nos [&hellip;]<\/p>","protected":false},"author":1,"featured_media":0,"parent":0,"menu_order":0,"comment_status":"closed","ping_status":"closed","template":"","meta":{"footnotes":""},"class_list":["post-5073","page","type-page","status-publish","hentry"],"_links":{"self":[{"href":"https:\/\/edsoris.com\/en\/wp-json\/wp\/v2\/pages\/5073","targetHints":{"allow":["GET"]}}],"collection":[{"href":"https:\/\/edsoris.com\/en\/wp-json\/wp\/v2\/pages"}],"about":[{"href":"https:\/\/edsoris.com\/en\/wp-json\/wp\/v2\/types\/page"}],"author":[{"embeddable":true,"href":"https:\/\/edsoris.com\/en\/wp-json\/wp\/v2\/users\/1"}],"replies":[{"embeddable":true,"href":"https:\/\/edsoris.com\/en\/wp-json\/wp\/v2\/comments?post=5073"}],"version-history":[{"count":317,"href":"https:\/\/edsoris.com\/en\/wp-json\/wp\/v2\/pages\/5073\/revisions"}],"predecessor-version":[{"id":10029,"href":"https:\/\/edsoris.com\/en\/wp-json\/wp\/v2\/pages\/5073\/revisions\/10029"}],"wp:attachment":[{"href":"https:\/\/edsoris.com\/en\/wp-json\/wp\/v2\/media?parent=5073"}],"curies":[{"name":"wp","href":"https:\/\/api.w.org\/{rel}","templated":true}]}}