{"id":5065,"date":"2020-01-09T04:33:29","date_gmt":"2020-01-09T04:33:29","guid":{"rendered":"http:\/\/wpdemo.archiwp.com\/engitech\/?page_id=1583"},"modified":"2022-02-04T15:02:43","modified_gmt":"2022-02-04T15:02:43","slug":"technology-and-innovation","status":"publish","type":"page","link":"https:\/\/edsoris.com\/en\/technology-and-innovation","title":{"rendered":"Technology And Innovation"},"content":{"rendered":"<div data-elementor-type=\"wp-page\" data-elementor-id=\"5065\" class=\"elementor elementor-5065\">\n\t\t\t\t\t\t\t\t\t<section class=\"elementor-section elementor-top-section elementor-element elementor-element-f983331 elementor-section-content-middle ot-traditional elementor-section-boxed elementor-section-height-default elementor-section-height-default\" data-id=\"f983331\" data-element_type=\"section\" data-settings=\"{&quot;background_background&quot;:&quot;classic&quot;}\">\n\t\t\t\t\t\t<div class=\"elementor-container elementor-column-gap-extended\">\n\t\t\t\t\t<div class=\"elementor-column elementor-col-50 elementor-top-column elementor-element elementor-element-fb1c096 ot-flex-column-vertical\" data-id=\"fb1c096\" data-element_type=\"column\">\n\t\t\t<div class=\"elementor-widget-wrap elementor-element-populated\">\n\t\t\t\t\t\t\t\t<div class=\"elementor-element elementor-element-ab8c75d e-transform elementor-widget elementor-widget-image\" data-id=\"ab8c75d\" data-element_type=\"widget\" data-settings=\"{&quot;_transform_rotateZ_effect&quot;:{&quot;unit&quot;:&quot;px&quot;,&quot;size&quot;:0,&quot;sizes&quot;:[]},&quot;_transform_rotateZ_effect_tablet&quot;:{&quot;unit&quot;:&quot;deg&quot;,&quot;size&quot;:&quot;&quot;,&quot;sizes&quot;:[]},&quot;_transform_rotateZ_effect_mobile&quot;:{&quot;unit&quot;:&quot;deg&quot;,&quot;size&quot;:&quot;&quot;,&quot;sizes&quot;:[]}}\" data-widget_type=\"image.default\">\n\t\t\t\t<div class=\"elementor-widget-container\">\n\t\t\t<style>\/*! elementor - v3.17.0 - 25-10-2023 *\/\n.elementor-widget-image{text-align:center}.elementor-widget-image a{display:inline-block}.elementor-widget-image a img[src$=\".svg\"]{width:48px}.elementor-widget-image img{vertical-align:middle;display:inline-block}<\/style>\t\t\t\t\t\t\t\t\t\t\t\t<img decoding=\"async\" src=\"https:\/\/edsoris.com\/content\/uploads\/2021\/06\/original-3f0fcbd8363f2ec3f7b77397f715442d-e1643978857485.jpeg\" title=\"original-3f0fcbd8363f2ec3f7b77397f715442d\" alt=\"original-3f0fcbd8363f2ec3f7b77397f715442d\" loading=\"lazy\" \/>\t\t\t\t\t\t\t\t\t\t\t\t\t\t\t<\/div>\n\t\t\t\t<\/div>\n\t\t\t\t\t<\/div>\n\t\t<\/div>\n\t\t\t\t<div class=\"elementor-column elementor-col-50 elementor-top-column elementor-element elementor-element-8d40657 ot-flex-column-vertical\" data-id=\"8d40657\" data-element_type=\"column\">\n\t\t\t<div class=\"elementor-widget-wrap elementor-element-populated\">\n\t\t\t\t\t\t\t\t<div class=\"elementor-element elementor-element-b059e25 elementor-widget elementor-widget-iheading\" data-id=\"b059e25\" data-element_type=\"widget\" data-widget_type=\"iheading.default\">\n\t\t\t\t<div class=\"elementor-widget-container\">\n\t\t\t\t\t<div class=\"ot-heading\">\r\n\t        \t            <span>\/\/ Technologies that change the world and connect people.<\/span>\r\n\t        <h2 class=\"main-heading\">We offer to your company the best IT solutions<\/h2>\t    <\/div>\r\n\t    \t\t<\/div>\n\t\t\t\t<\/div>\n\t\t\t\t<div class=\"elementor-element elementor-element-8b48ec2 elementor-widget elementor-widget-text-editor\" data-id=\"8b48ec2\" data-element_type=\"widget\" data-widget_type=\"text-editor.default\">\n\t\t\t\t<div class=\"elementor-widget-container\">\n\t\t\t<style>\/*! elementor - v3.17.0 - 25-10-2023 *\/\n.elementor-widget-text-editor.elementor-drop-cap-view-stacked .elementor-drop-cap{background-color:#69727d;color:#fff}.elementor-widget-text-editor.elementor-drop-cap-view-framed .elementor-drop-cap{color:#69727d;border:3px solid;background-color:transparent}.elementor-widget-text-editor:not(.elementor-drop-cap-view-default) .elementor-drop-cap{margin-top:8px}.elementor-widget-text-editor:not(.elementor-drop-cap-view-default) .elementor-drop-cap-letter{width:1em;height:1em}.elementor-widget-text-editor .elementor-drop-cap{float:left;text-align:center;line-height:1;font-size:50px}.elementor-widget-text-editor .elementor-drop-cap-letter{display:inline-block}<\/style>\t\t\t\t<p>Preparing your company for the challenges of tomorrow requires a judicious and strategic choice of technologies and solutions to be implemented for each level of your structure.<\/p><p>Thanks to our expertise, we help you in this choice by taking into account all the aspects: economic, organizational, competitive, environmental, societal, etc.<\/p>\t\t\t\t\t\t<\/div>\n\t\t\t\t<\/div>\n\t\t\t\t\t<\/div>\n\t\t<\/div>\n\t\t\t\t\t\t\t<\/div>\n\t\t<\/section>\n\t\t\t\t<section class=\"elementor-section elementor-top-section elementor-element elementor-element-88c344d ot-traditional elementor-section-boxed elementor-section-height-default elementor-section-height-default\" data-id=\"88c344d\" data-element_type=\"section\">\n\t\t\t\t\t\t<div class=\"elementor-container elementor-column-gap-default\">\n\t\t\t\t\t<div class=\"elementor-column elementor-col-100 elementor-top-column elementor-element elementor-element-a09e504 ot-flex-column-vertical\" data-id=\"a09e504\" data-element_type=\"column\">\n\t\t\t<div class=\"elementor-widget-wrap elementor-element-populated\">\n\t\t\t\t\t\t\t\t<div class=\"elementor-element elementor-element-846dc83 elementor-widget elementor-widget-iheading\" data-id=\"846dc83\" data-element_type=\"widget\" data-widget_type=\"iheading.default\">\n\t\t\t\t<div class=\"elementor-widget-container\">\n\t\t\t\t\t<div class=\"ot-heading\">\r\n\t        \t            <span>\/\/ Innovate by adopting the technologies of tomorrow such as Artificial Intelligence or blockchain technology among others.<\/span>\r\n\t        <h2 class=\"main-heading\">Create value by bringing an innovative look to your business\n<\/h2>\t    <\/div>\r\n\t    \t\t<\/div>\n\t\t\t\t<\/div>\n\t\t\t\t\t<\/div>\n\t\t<\/div>\n\t\t\t\t\t\t\t<\/div>\n\t\t<\/section>\n\t\t\t\t<section class=\"elementor-section elementor-top-section elementor-element elementor-element-fb77455 ot-traditional elementor-section-boxed elementor-section-height-default elementor-section-height-default\" data-id=\"fb77455\" data-element_type=\"section\">\n\t\t\t\t\t\t<div class=\"elementor-container elementor-column-gap-default\">\n\t\t\t\t\t<div class=\"elementor-column elementor-col-50 elementor-top-column elementor-element elementor-element-2d3c6e0 ot-flex-column-vertical\" data-id=\"2d3c6e0\" data-element_type=\"column\">\n\t\t\t<div class=\"elementor-widget-wrap elementor-element-populated\">\n\t\t\t\t\t\t\t\t<div class=\"elementor-element elementor-element-98165aa elementor-widget elementor-widget-iservice_box\" data-id=\"98165aa\" data-element_type=\"widget\" data-widget_type=\"iservice_box.default\">\n\t\t\t\t<div class=\"elementor-widget-container\">\n\t\t\t\r\n\t\t<div class=\"service-box s-box\">\r\n\t\t\t<span class=\"big-number\">01<\/span>\r\n\t\t\t<div class=\"icon-main\">\r\n\t\t        <i aria-hidden=\"true\" class=\"fas fa-brain\"><\/i>\t\t\t    \t\t        \t        <\/div>\r\n\t        <div class=\"content-box\">\r\n\t            <h5>Artificial intelligence<\/h5>\r\n\t            <p>AI refers to systems or machines that mimic human intelligence to perform tasks and can improve based on the information collected. It has opened the door to new opportunities for certain large companies.<br><br>\n\nToday, the biggest and most successful companies are using AI to improve their operations and gain an edge over their competitors.<\/p>\r\n\t        <\/div>\r\n\t    <\/div>\r\n\r\n\t    \t\t<\/div>\n\t\t\t\t<\/div>\n\t\t\t\t\t<\/div>\n\t\t<\/div>\n\t\t\t\t<div class=\"elementor-column elementor-col-50 elementor-top-column elementor-element elementor-element-6b06c17 ot-flex-column-vertical\" data-id=\"6b06c17\" data-element_type=\"column\">\n\t\t\t<div class=\"elementor-widget-wrap elementor-element-populated\">\n\t\t\t\t\t\t\t\t<div class=\"elementor-element elementor-element-2864287 elementor-widget elementor-widget-iservice_box\" data-id=\"2864287\" data-element_type=\"widget\" data-widget_type=\"iservice_box.default\">\n\t\t\t\t<div class=\"elementor-widget-container\">\n\t\t\t\r\n\t\t<div class=\"service-box s-box\">\r\n\t\t\t<span class=\"big-number\">02<\/span>\r\n\t\t\t<div class=\"icon-main\">\r\n\t\t        <i aria-hidden=\"true\" class=\"fas fa-database\"><\/i>\t\t\t    \t\t        \t        <\/div>\r\n\t        <div class=\"content-box\">\r\n\t            <h5>Blockchain technology<\/h5>\r\n\t            <p>Blockchain is an information storage and transmission technology that is transparent, secure, and operates without a central control body.<br><br>\nBlockchain is a particularly promising and revolutionary technology because it reduces risk, eliminates fraud and brings transparency in a scalable way for an infinite number of uses.<\/p>\r\n\t        <\/div>\r\n\t    <\/div>\r\n\r\n\t    \t\t<\/div>\n\t\t\t\t<\/div>\n\t\t\t\t\t<\/div>\n\t\t<\/div>\n\t\t\t\t\t\t\t<\/div>\n\t\t<\/section>\n\t\t\t\t<section class=\"elementor-section elementor-top-section elementor-element elementor-element-328624d ot-traditional elementor-section-boxed elementor-section-height-default elementor-section-height-default\" data-id=\"328624d\" data-element_type=\"section\">\n\t\t\t\t\t\t<div class=\"elementor-container elementor-column-gap-default\">\n\t\t\t\t\t<div class=\"elementor-column elementor-col-50 elementor-top-column elementor-element elementor-element-dde7ec7 ot-flex-column-vertical\" data-id=\"dde7ec7\" data-element_type=\"column\">\n\t\t\t<div class=\"elementor-widget-wrap elementor-element-populated\">\n\t\t\t\t\t\t\t\t<div class=\"elementor-element elementor-element-5a6c9df elementor-widget elementor-widget-iheading\" data-id=\"5a6c9df\" data-element_type=\"widget\" data-widget_type=\"iheading.default\">\n\t\t\t\t<div class=\"elementor-widget-container\">\n\t\t\t\t\t<div class=\"ot-heading\">\r\n\t        \t            <span>\/\/ Transform your business<\/span>\r\n\t        <h2 class=\"main-heading\">Technological innovation to revolutionize your business<\/h2>\t    <\/div>\r\n\t    \t\t<\/div>\n\t\t\t\t<\/div>\n\t\t\t\t<div class=\"elementor-element elementor-element-54ef995 elementor-widget elementor-widget-text-editor\" data-id=\"54ef995\" data-element_type=\"widget\" data-widget_type=\"text-editor.default\">\n\t\t\t\t<div class=\"elementor-widget-container\">\n\t\t\t\t\t\t\t<p>We support you in your business transformation by adopting innovative solutions such as SAP, AWS, Salesforce, Oracle, recognized and used by the world's largest economic players.<\/p>\t\t\t\t\t\t<\/div>\n\t\t\t\t<\/div>\n\t\t\t\t\t<\/div>\n\t\t<\/div>\n\t\t\t\t<div class=\"elementor-column elementor-col-50 elementor-top-column elementor-element elementor-element-fe39e54 ot-flex-column-vertical\" data-id=\"fe39e54\" data-element_type=\"column\">\n\t\t\t<div class=\"elementor-widget-wrap elementor-element-populated\">\n\t\t\t\t\t\t\t\t<div class=\"elementor-element elementor-element-42b66a6 elementor-widget elementor-widget-image\" data-id=\"42b66a6\" data-element_type=\"widget\" data-widget_type=\"image.default\">\n\t\t\t\t<div class=\"elementor-widget-container\">\n\t\t\t\t\t\t\t\t\t\t\t\t\t\t\t<img loading=\"lazy\" decoding=\"async\" width=\"1024\" height=\"512\" src=\"https:\/\/edsoris.com\/content\/uploads\/2021\/05\/south-africa-4ir.png\" class=\"attachment-large size-large wp-image-2056\" alt=\"\" srcset=\"https:\/\/edsoris.com\/content\/uploads\/2021\/05\/south-africa-4ir.png 1024w, https:\/\/edsoris.com\/content\/uploads\/2021\/05\/south-africa-4ir-300x150.png 300w, https:\/\/edsoris.com\/content\/uploads\/2021\/05\/south-africa-4ir-768x384.png 768w, https:\/\/edsoris.com\/content\/uploads\/2021\/05\/south-africa-4ir-720x360.png 720w\" sizes=\"auto, (max-width: 1024px) 100vw, 1024px\" \/>\t\t\t\t\t\t\t\t\t\t\t\t\t\t\t<\/div>\n\t\t\t\t<\/div>\n\t\t\t\t\t<\/div>\n\t\t<\/div>\n\t\t\t\t\t\t\t<\/div>\n\t\t<\/section>\n\t\t\t\t\t\t\t<\/div>","protected":false},"excerpt":{"rendered":"<p>\/\/ Des technologies qui changent le monde et connectent les individus. Nous offrons les meilleures solutions informatiques Pr\u00e9parer votre entreprise aux enjeux de demain passe par un choix judicieux et strat\u00e9gique des technologies et solutions \u00e0 mettre en place pour chaque niveau de votre structure. Gr\u00e2ce \u00e0 notre expertise, nous vous aidons dans ce choix [&hellip;]<\/p>","protected":false},"author":1,"featured_media":0,"parent":0,"menu_order":0,"comment_status":"closed","ping_status":"closed","template":"","meta":{"footnotes":""},"class_list":["post-5065","page","type-page","status-publish","hentry"],"_links":{"self":[{"href":"https:\/\/edsoris.com\/en\/wp-json\/wp\/v2\/pages\/5065","targetHints":{"allow":["GET"]}}],"collection":[{"href":"https:\/\/edsoris.com\/en\/wp-json\/wp\/v2\/pages"}],"about":[{"href":"https:\/\/edsoris.com\/en\/wp-json\/wp\/v2\/types\/page"}],"author":[{"embeddable":true,"href":"https:\/\/edsoris.com\/en\/wp-json\/wp\/v2\/users\/1"}],"replies":[{"embeddable":true,"href":"https:\/\/edsoris.com\/en\/wp-json\/wp\/v2\/comments?post=5065"}],"version-history":[{"count":240,"href":"https:\/\/edsoris.com\/en\/wp-json\/wp\/v2\/pages\/5065\/revisions"}],"predecessor-version":[{"id":6834,"href":"https:\/\/edsoris.com\/en\/wp-json\/wp\/v2\/pages\/5065\/revisions\/6834"}],"wp:attachment":[{"href":"https:\/\/edsoris.com\/en\/wp-json\/wp\/v2\/media?parent=5065"}],"curies":[{"name":"wp","href":"https:\/\/api.w.org\/{rel}","templated":true}]}}